{"id":10246,"date":"2015-06-28T01:20:17","date_gmt":"2015-06-28T01:20:17","guid":{"rendered":"http:\/\/themes.truethemes.net\/Karma-4.0\/?page_id=10246"},"modified":"2019-05-22T11:22:13","modified_gmt":"2019-05-22T09:22:13","slug":"home","status":"publish","type":"page","link":"https:\/\/www.comforttouch.it\/fra\/","title":{"rendered":"Home"},"content":{"rendered":"[vc_row][vc_column][rev_slider_vc alias=&#8221;sliderhomenuova&#8221;][\/vc_column][\/vc_row][vc_row full_width=&#8221;stretch_row&#8221; css=&#8221;.vc_custom_1464305269645{padding-top: 10px !important;padding-bottom: 10px !important;background-color: #ffffff !important;}&#8221;][vc_column width=&#8221;1\/3&#8243;]<div class=\"true-icon-wrap tt_in_from_right  cbfsXdnR\"><span class=\"fa fa fa-check true-icon\"><\/span><div class=\"true-icon-text\">\n<h4><span lang=\"FR\">Voici la nouvelle <\/span>Comforttouch!<\/h4>\n<p>La nouvelle ligne cr\u00e9\u00e9e pour am\u00e9liorer le bien-\u00eatre du sommeil, avec une attention \u00e0 chaque d\u00e9tail, pour r\u00e9pondre aux besoins de nos clients les plus exigeants.<\/p><\/div><\/div>[\/vc_column][vc_column width=&#8221;1\/3&#8243;]<div class=\"true-icon-wrap tt_in_from_right  pZyPgEgN\"><span class=\"fa fa fa-check true-icon\"><\/span><div class=\"true-icon-text\">\n<h4><strong>Technologies<\/strong><\/h4>\n<p>La collection Comforttouch pr\u00e9sente une s\u00e9rie de produits qui repr\u00e9sentent une r\u00e9ponse \u00e9volu\u00e9, tr\u00e8s diversifi\u00e9 et compl\u00e8te soit pour le nombre des mod\u00e8les de matelas\u2026<\/p><\/div><\/div>[\/vc_column][vc_column width=&#8221;1\/3&#8243;]<div class=\"true-icon-wrap tt_in_from_right  DfxRWFEa\"><span class=\"fa fa fa-check true-icon\"><\/span><div class=\"true-icon-text\">\n<h4><strong><span lang=\"FR\">Totalement fabriqu\u00e9s en Italie<\/span><\/strong><\/h4>\n<h4><strong>\u00a0<\/strong><\/h4>\n<p>Lles produits Comforttouch repr\u00e9sentent une gamme de choix compl\u00e8te, gr\u00e2ce \u00e0 l\u2019utilisation de diff\u00e9rentes technologies habilement combin\u00e9s<\/p><\/div><\/div>[\/vc_column][\/vc_row][vc_row css=&#8221;.vc_custom_1461690822053{padding-top: 60px !important;padding-bottom: 40px !important;}&#8221;][vc_column][vc_column_text]\n<h1 style=\"text-align: center;\">Bienvenue<\/h1>\n<p style=\"text-align: center;\">Rinaldi Service, avec l\u2019objectif d\u2019am\u00e9liorer le bien-\u00eatre du sommeil de ses clients, a r\u00e9alis\u00e9 la collection <strong>Comforttouch\u00a0<\/strong>riche de produits con\u00e7us avec originalit\u00e9, maestria et attention aux d\u00e9tails, capable de r\u00e9pondre aux exigences les plus \u00e9lev\u00e9es de <strong>repos<\/strong> et <strong>bien \u00eatre<\/strong>.<\/p>\n[\/vc_column_text][\/vc_column][\/vc_row][vc_row css=&#8221;.vc_custom_1437059547048{padding-top: 30px !important;padding-bottom: 80px !important;}&#8221;][vc_column width=&#8221;1\/3&#8243;]<div class=\"true-image-box-2 tt_animate_none box-1 GRWaYBNN\"><div class=\"true-img-wrap\"><img width=\"503\" height=\"435\" src=\"https:\/\/i2.wp.com\/www.comforttouch.it\/fra\/wp-content\/uploads\/2018\/10\/icona-materassi-home.png?fit=503%2C435&amp;ssl=1\" class=\"attachment-large size-large\" alt=\"icona-materassi-home\" loading=\"lazy\" srcset=\"https:\/\/i2.wp.com\/www.comforttouch.it\/fra\/wp-content\/uploads\/2018\/10\/icona-materassi-home.png?w=503&amp;ssl=1 503w, https:\/\/i2.wp.com\/www.comforttouch.it\/fra\/wp-content\/uploads\/2018\/10\/icona-materassi-home.png?resize=300%2C259&amp;ssl=1 300w\" sizes=\"(max-width: 503px) 100vw, 503px\" \/><\/div><div class=\"true-text-wrap\"><span class=\"icon-circ-wrap\"><i class=\"true-custom-icon fa fa fa-leaf\"><\/i><\/span><div class=\"callout-details-wrap\">\n<h2>Les Matelas<\/h2>\n<p>Les Matelas ConfortTouch, ils sont con\u00e7us pour une relation juste entre confort et soutien. Utilisez les meilleurs mat\u00e9riaux de la cat\u00e9gorie pour cr\u00e9er le matelas id\u00e9al. Le r\u00e9sultat est un matelas de haut niveau pour le soutien et le repos sans \u00e9gal.<\/p><\/div><\/div><a class=\"overlay-link\" href=\"http:\/\/www.comforttouch.it\/it\/materassi\/\" target=\"\" title=\"\"><\/a><\/div>[\/vc_column][vc_column width=&#8221;1\/3&#8243;]<div class=\"true-image-box-2 tt_animate_none box-2 iGpMDKuB\"><div class=\"true-img-wrap\"><img width=\"503\" height=\"435\" src=\"https:\/\/i0.wp.com\/www.comforttouch.it\/fra\/wp-content\/uploads\/2018\/10\/icona-guanciali-home.png?fit=503%2C435&amp;ssl=1\" class=\"attachment-large size-large\" alt=\"icona-guanciali-home\" loading=\"lazy\" srcset=\"https:\/\/i0.wp.com\/www.comforttouch.it\/fra\/wp-content\/uploads\/2018\/10\/icona-guanciali-home.png?w=503&amp;ssl=1 503w, https:\/\/i0.wp.com\/www.comforttouch.it\/fra\/wp-content\/uploads\/2018\/10\/icona-guanciali-home.png?resize=300%2C259&amp;ssl=1 300w\" sizes=\"(max-width: 503px) 100vw, 503px\" \/><\/div><div class=\"true-text-wrap\"><span class=\"icon-circ-wrap\"><i class=\"true-custom-icon fa fa fa-fire\"><\/i><\/span><div class=\"callout-details-wrap\">\n<h2>Oreiller<\/h2>\n<p>Un bon oreiller devrait aider \u00e0 garder la colonne vert\u00e9brale dans la bonne position. L\u2019oreiller d\u00e9pend de la position dans laquelle vous dormez et de vos caract\u00e9ristiques physiques. Venez l\u2019essayer dans nos showrooms.<\/p><\/div><\/div><\/div>[\/vc_column][vc_column width=&#8221;1\/3&#8243;]<div class=\"true-image-box-2 tt_animate_none box-3 slgUJUlQ\"><div class=\"true-img-wrap\"><img width=\"503\" height=\"435\" src=\"https:\/\/i1.wp.com\/www.comforttouch.it\/fra\/wp-content\/uploads\/2018\/10\/icona-reti-home.png?fit=503%2C435&amp;ssl=1\" class=\"attachment-large size-large\" alt=\"icona-reti-home\" loading=\"lazy\" srcset=\"https:\/\/i1.wp.com\/www.comforttouch.it\/fra\/wp-content\/uploads\/2018\/10\/icona-reti-home.png?w=503&amp;ssl=1 503w, https:\/\/i1.wp.com\/www.comforttouch.it\/fra\/wp-content\/uploads\/2018\/10\/icona-reti-home.png?resize=300%2C259&amp;ssl=1 300w\" sizes=\"(max-width: 503px) 100vw, 503px\" \/><\/div><div class=\"true-text-wrap\"><span class=\"icon-circ-wrap\"><i class=\"true-custom-icon fa fa fa-bolt\"><\/i><\/span><div class=\"callout-details-wrap\">\n<h2>R\u00e9seaux<\/h2>\n<p style=\"text-align: justify;\">En plus du matelas et de l\u2019oreiller, un r\u00f4le fondamental pour se reposer au maximum, les r\u00e9seaux le couvrent \u00e9galement.<br \/>\nChacun de nos matelas est associ\u00e9 \u00e0 un r\u00e9seau ad hoc.<br \/>\nR\u00e9seaux con\u00e7us pour un maximum de confort.<\/p>\n<\/div><\/div><\/div>[\/vc_column][\/vc_row][vc_row][vc_column css_animation=&#8221;bounceInRight&#8221; width=&#8221;1\/2&#8243;]<div class=\"true-features  bEroBZTB tt_in_from_right\"><i class=\"true-custom-icon fa vc-oi vc-oi-lamp\"><\/i><div class=\"true-description\"><strong>Memory Foam<\/strong>\n<p style=\"text-align: justify;\">Mat\u00e9riau en mousse visco\u00e9lastique innovante capable de supporter le corps d\u2019une mani\u00e8re naturelle pendant le repos. Grace \u00e0 la structure mol\u00e9culaire sp\u00e9ciale de quoi se compose, il se auto mod\u00e9lise parfaitement gr\u00e2ce \u00e0 la temp\u00e9rature du corps, assurant ainsi le maximum du confort.<\/p>\n<\/div><\/div><div class=\"true-features  drYIrwDE tt_in_from_right\"><i class=\"true-custom-icon fa typcn typcn-arrow-maximise\"><\/i><div class=\"true-description\"><strong>Ressorts ensach\u00e9s ind\u00e9pendants <\/strong>\n<p style=\"text-align: justify;\">Les ressorts ensach\u00e9s ind\u00e9pendants, con\u00e7us pour ceux qui pr\u00e9f\u00e8rent un syst\u00e8me plus proche \u00e0 la suspension traditionnelle, repr\u00e9sentent une \u00e9volution de la notion de repos en raison de leur capacit\u00e9 \u00e0 r\u00e9pondre individuellement et ind\u00e9pendamment l\u2019un de l\u2019autre \u00e0 la pression exerc\u00e9 par le poids du corps en s\u2019adaptant parfaitement \u00e0 la morphologie du corps en consid\u00e9ration des points de pression individuels auxquels il est soumis.<\/p>\n<\/div><\/div>[\/vc_column][vc_column css_animation=&#8221;bounceInRight&#8221; width=&#8221;1\/2&#8243;]<div class=\"true-features  yGdTiQen tt_in_from_right\"><i class=\"true-custom-icon fa typcn typcn-arrow-minimise-outline\"><\/i><div class=\"true-description\"><strong>La mousse de polyur\u00e9thane<\/strong>\n<p style=\"text-align: justify;\">Mousse de polyur\u00e9thane \u00e9lastique fait de densit\u00e9 diff\u00e9rente qui offre un soutien optimal, durable et conserve sa forme naturelle. La mousse de polyur\u00e9thane \u00e0 base d\u2019eau est compos\u00e9e d\u2019une structure \u00e0 cellules ouvertes qui, sous le poids et les mouvements de l\u2019organisme, il se comprime et se d\u00e9tend en permettant le passage de l\u2019air frais qui disperse l\u2019humidit\u00e9.<\/p>\n<\/div><\/div><div class=\"true-features  hfWNbaAK tt_in_from_right\"><i class=\"true-custom-icon fa typcn typcn-document-text\"><\/i><div class=\"true-description\"><b><span lang=\"FR\">Syst\u00e8me de bo\u00eete<\/span><\/b>\n<p style=\"text-align: justify;\">Structure qui garantit un repos ergonomiquement parfait, soutenant d\u2019une mani\u00e8re \u00e9quilibr\u00e9e les formes du corps et r\u00e9partissant le poids sur toute la surface assurant un support anatomique et flexible. Solidit\u00e9 et durabilit\u00e9 dans le temps sont ses principales caract\u00e9ristiques distinctives.<\/p>\n<\/div><\/div>[\/vc_column][\/vc_row]\n","protected":false},"excerpt":{"rendered":"<p>[vc_row][vc_column][rev_slider_vc alias=&#8221;sliderhomenuova&#8221;][\/vc_column][\/vc_row][vc_row full_width=&#8221;stretch_row&#8221; css=&#8221;.vc_custom_1464305269645{padding-top: 10px !important;padding-bottom: 10px !important;background-color: #ffffff !important;}&#8221;][vc_column width=&#8221;1\/3&#8243;][\/vc_column][vc_column width=&#8221;1\/3&#8243;][\/vc_column][vc_column width=&#8221;1\/3&#8243;][\/vc_column][\/vc_row][vc_row css=&#8221;.vc_custom_1461690822053{padding-top: 60px !important;padding-bottom: 40px !important;}&#8221;][vc_column][vc_column_text]<br \/>\nBienvenue<br \/>\nRinaldi Service, avec l\u2019objectif d\u2019am\u00e9liorer le bien-\u00eatre du sommeil de ses clients, a r\u00e9alis\u00e9 la collection Comforttouch\u00a0riche de produits con\u00e7us avec originalit\u00e9, maestria et attention aux d\u00e9tails, capable de r\u00e9pondre aux exigences les plus \u00e9lev\u00e9es de repos et bien \u00eatre.<br \/>\n[\/vc_column_text][\/vc_column][\/vc_row][vc_row css=&#8221;.vc_custom_1437059547048{padding-top: 30px !important;padding-bottom: 80px !important;}&#8221;][vc_column width=&#8221;1\/3&#8243;][\/vc_column][vc_column width=&#8221;1\/3&#8243;][\/vc_column][vc_column width=&#8221;1\/3&#8243;][\/vc_column][\/vc_row][vc_row][vc_column css_animation=&#8221;bounceInRight&#8221; width=&#8221;1\/2&#8243;][\/vc_column][vc_column css_animation=&#8221;bounceInRight&#8221; width=&#8221;1\/2&#8243;][\/vc_column][\/vc_row]<\/p>\n","protected":false},"author":1,"featured_media":0,"parent":0,"menu_order":0,"comment_status":"closed","ping_status":"closed","template":"template-page-builder.php","meta":{"_bbp_topic_count":0,"_bbp_reply_count":0,"_bbp_total_topic_count":0,"_bbp_total_reply_count":0,"_bbp_voice_count":0,"_bbp_anonymous_reply_count":0,"_bbp_topic_count_hidden":0,"_bbp_reply_count_hidden":0,"_bbp_forum_subforum_count":0,"spay_email":""},"_links":{"self":[{"href":"https:\/\/www.comforttouch.it\/fra\/wp-json\/wp\/v2\/pages\/10246"}],"collection":[{"href":"https:\/\/www.comforttouch.it\/fra\/wp-json\/wp\/v2\/pages"}],"about":[{"href":"https:\/\/www.comforttouch.it\/fra\/wp-json\/wp\/v2\/types\/page"}],"author":[{"embeddable":true,"href":"https:\/\/www.comforttouch.it\/fra\/wp-json\/wp\/v2\/users\/1"}],"replies":[{"embeddable":true,"href":"https:\/\/www.comforttouch.it\/fra\/wp-json\/wp\/v2\/comments?post=10246"}],"version-history":[{"count":22,"href":"https:\/\/www.comforttouch.it\/fra\/wp-json\/wp\/v2\/pages\/10246\/revisions"}],"predecessor-version":[{"id":11344,"href":"https:\/\/www.comforttouch.it\/fra\/wp-json\/wp\/v2\/pages\/10246\/revisions\/11344"}],"wp:attachment":[{"href":"https:\/\/www.comforttouch.it\/fra\/wp-json\/wp\/v2\/media?parent=10246"}],"curies":[{"name":"wp","href":"https:\/\/api.w.org\/{rel}","templated":true}]}}