{"id":11165,"date":"2018-10-31T18:00:53","date_gmt":"2018-10-31T17:00:53","guid":{"rendered":"http:\/\/www.comforttouch.it\/it\/?page_id=11165"},"modified":"2019-05-22T12:34:14","modified_gmt":"2019-05-22T10:34:14","slug":"matelas-zivago","status":"publish","type":"page","link":"https:\/\/www.comforttouch.it\/fra\/matelas\/matelas-zivago\/","title":{"rendered":"Matelas-Zivago"},"content":{"rendered":"[vc_row][vc_column][vc_single_image image=&#8221;11353&#8243; img_size=&#8221;full&#8221; style=&#8221;vc_box_rounded&#8221; onclick=&#8221;link_image&#8221;][\/vc_column][\/vc_row][vc_row][vc_column][vc_column_text]<p class=\"callout2\"><span>\n<h2>Matelas avec ressorts ensach\u00e9s<\/h2>\n<p>Solidit\u00e9, stabilit\u00e9 et ind\u00e9formabilit\u00e9 rendent ce matelas adapte \u00e0 une vari\u00e9t\u00e9 de solutions. La structure interne, compos\u00e9e de 330 ressorts ensach\u00e9s ind\u00e9pendants \u00e0 7 zones diff\u00e9renci\u00e9es, rend le produit tr\u00e8s accueillant et confortable, car l\u2019\u00e9lev\u00e9 nombre des ressorts et les zones diff\u00e9renci\u00e9es permettent un soutien ad\u00e9quat aux diff\u00e9rentes parties du corps sans compromettre l\u2019id\u00e9al circulation sanguine. Il est recouvert en tissu en coton stretch et \u00e9quip\u00e9 d\u2019une bande lat\u00e9rale 3D Air System \u00e0 haute respirabilit\u00e9 qui assure la parfaite a\u00e9ration du matelas.<\/p>\n<h2><span style=\"text-align: justify; font-size: 16px;\"><\/span><\/p><br class=\"clear\" \/><\/span><\/h2>\n<div class=\"one_half tt-column\">\n<h4>Caract\u00e9ristique<\/h4>\n<p><img loading=\"lazy\" class=\"alignnone size-medium wp-image-11138\" src=\"https:\/\/i0.wp.com\/www.comforttouch.it\/it\/wp-content\/uploads\/2018\/10\/caratteristiche-materassi-comforttouch_zivago-300x170.png?resize=300%2C170\" alt=\"\" width=\"300\" height=\"170\" srcset=\"https:\/\/i1.wp.com\/www.comforttouch.it\/fra\/wp-content\/uploads\/2018\/10\/caratteristiche-materassi-comforttouch_zivago.png?resize=300%2C170&amp;ssl=1 300w, https:\/\/i1.wp.com\/www.comforttouch.it\/fra\/wp-content\/uploads\/2018\/10\/caratteristiche-materassi-comforttouch_zivago.png?w=659&amp;ssl=1 659w\" sizes=\"(max-width: 300px) 100vw, 300px\" data-recalc-dims=\"1\" \/><br \/>\n<\/div>\n<div class=\"one_half_last tt-column\">\n<h4> <\/h4>\n<\/div><br class=\"clear\" \/>[\/vc_column_text][\/vc_column][\/vc_row][vc_row][vc_column][\/vc_column][\/vc_row]\n","protected":false},"excerpt":{"rendered":"<p>[vc_row][vc_column][vc_single_image image=&#8221;11353&#8243; img_size=&#8221;full&#8221; style=&#8221;vc_box_rounded&#8221; onclick=&#8221;link_image&#8221;][\/vc_column][\/vc_row][vc_row][vc_column][vc_column_text]<br \/>\n[\/vc_column_text][\/vc_column][\/vc_row][vc_row][vc_column][\/vc_column][\/vc_row]<\/p>\n","protected":false},"author":1,"featured_media":0,"parent":11104,"menu_order":0,"comment_status":"closed","ping_status":"closed","template":"template_rightnav.php","meta":{"_bbp_topic_count":0,"_bbp_reply_count":0,"_bbp_total_topic_count":0,"_bbp_total_reply_count":0,"_bbp_voice_count":0,"_bbp_anonymous_reply_count":0,"_bbp_topic_count_hidden":0,"_bbp_reply_count_hidden":0,"_bbp_forum_subforum_count":0,"spay_email":""},"_links":{"self":[{"href":"https:\/\/www.comforttouch.it\/fra\/wp-json\/wp\/v2\/pages\/11165"}],"collection":[{"href":"https:\/\/www.comforttouch.it\/fra\/wp-json\/wp\/v2\/pages"}],"about":[{"href":"https:\/\/www.comforttouch.it\/fra\/wp-json\/wp\/v2\/types\/page"}],"author":[{"embeddable":true,"href":"https:\/\/www.comforttouch.it\/fra\/wp-json\/wp\/v2\/users\/1"}],"replies":[{"embeddable":true,"href":"https:\/\/www.comforttouch.it\/fra\/wp-json\/wp\/v2\/comments?post=11165"}],"version-history":[{"count":11,"href":"https:\/\/www.comforttouch.it\/fra\/wp-json\/wp\/v2\/pages\/11165\/revisions"}],"predecessor-version":[{"id":11355,"href":"https:\/\/www.comforttouch.it\/fra\/wp-json\/wp\/v2\/pages\/11165\/revisions\/11355"}],"up":[{"embeddable":true,"href":"https:\/\/www.comforttouch.it\/fra\/wp-json\/wp\/v2\/pages\/11104"}],"wp:attachment":[{"href":"https:\/\/www.comforttouch.it\/fra\/wp-json\/wp\/v2\/media?parent=11165"}],"curies":[{"name":"wp","href":"https:\/\/api.w.org\/{rel}","templated":true}]}}