{"id":11167,"date":"2018-10-31T18:01:24","date_gmt":"2018-10-31T17:01:24","guid":{"rendered":"http:\/\/www.comforttouch.it\/it\/?page_id=11167"},"modified":"2019-05-22T12:39:20","modified_gmt":"2019-05-22T10:39:20","slug":"matelas-elite-foam","status":"publish","type":"page","link":"https:\/\/www.comforttouch.it\/fra\/matelas\/matelas-elite-foam\/","title":{"rendered":"Matelas-Elite Foam"},"content":{"rendered":"[vc_row][vc_column][vc_single_image image=&#8221;11160&#8243; img_size=&#8221;full&#8221; style=&#8221;vc_box_rounded&#8221; onclick=&#8221;link_image&#8221;][\/vc_column][\/vc_row][vc_row][vc_column][vc_column_text]<p class=\"callout2\"><span>\n<h2>Matelas avec ressorts ensach\u00e9s et mousse \u00e0 M\u00e9moire en Aloe Vera<\/h2>\n<p style=\"text-align: justify;\">Matelas qui s\u2019adapte parfaitement \u00e0 la forme du corps, gr\u00e2ce \u00e0 la combinaison du syst\u00e8me \u00e0 boite avec 330 ressorts ensach\u00e9s \u00e0 7 zones diff\u00e9renci\u00e9es et d\u2019une plaque en mousse \u00e0 m\u00e9moire en Aloe Vera ( hauteur 4 cm) qui rend le produit accueillent. Les caract\u00e9ristiques du produit sont \u00e9lev\u00e9 par le rev\u00eatement en tissu coton stretch avec traitement antibact\u00e9rien et par la bande lat\u00e9rale 3D Air System \u00e0 haute respirabilit\u00e9 qui assure la parfaite a\u00e9ration du matelas.<\/p>\n<\/span><\/p><br class=\"clear\" \/>\n<div class=\"one_half tt-column\">\n<h4>Carateristiques<\/h4>\n<p><img loading=\"lazy\" class=\"alignnone size-medium wp-image-11142\" src=\"https:\/\/i2.wp.com\/www.comforttouch.it\/it\/wp-content\/uploads\/2018\/10\/caratteristiche-materassi-comforttouch_elite-foam-300x134.png?resize=300%2C134\" alt=\"\" width=\"300\" height=\"134\" srcset=\"https:\/\/i2.wp.com\/www.comforttouch.it\/fra\/wp-content\/uploads\/2018\/10\/caratteristiche-materassi-comforttouch_elite-foam.png?resize=300%2C134&amp;ssl=1 300w, https:\/\/i2.wp.com\/www.comforttouch.it\/fra\/wp-content\/uploads\/2018\/10\/caratteristiche-materassi-comforttouch_elite-foam.png?resize=768%2C343&amp;ssl=1 768w, https:\/\/i2.wp.com\/www.comforttouch.it\/fra\/wp-content\/uploads\/2018\/10\/caratteristiche-materassi-comforttouch_elite-foam.png?w=837&amp;ssl=1 837w\" sizes=\"(max-width: 300px) 100vw, 300px\" data-recalc-dims=\"1\" \/><\/div>\n<div class=\"one_half_last tt-column\">\n<h4> <\/h4>\n<\/div><br class=\"clear\" \/>[\/vc_column_text][\/vc_column][\/vc_row][vc_row][vc_column][\/vc_column][\/vc_row]\n","protected":false},"excerpt":{"rendered":"<p>[vc_row][vc_column][vc_single_image image=&#8221;11160&#8243; img_size=&#8221;full&#8221; style=&#8221;vc_box_rounded&#8221; onclick=&#8221;link_image&#8221;][\/vc_column][\/vc_row][vc_row][vc_column][vc_column_text]<br \/>\n[\/vc_column_text][\/vc_column][\/vc_row][vc_row][vc_column][\/vc_column][\/vc_row]<\/p>\n","protected":false},"author":1,"featured_media":0,"parent":11104,"menu_order":0,"comment_status":"closed","ping_status":"closed","template":"template_rightnav.php","meta":{"_bbp_topic_count":0,"_bbp_reply_count":0,"_bbp_total_topic_count":0,"_bbp_total_reply_count":0,"_bbp_voice_count":0,"_bbp_anonymous_reply_count":0,"_bbp_topic_count_hidden":0,"_bbp_reply_count_hidden":0,"_bbp_forum_subforum_count":0,"spay_email":""},"_links":{"self":[{"href":"https:\/\/www.comforttouch.it\/fra\/wp-json\/wp\/v2\/pages\/11167"}],"collection":[{"href":"https:\/\/www.comforttouch.it\/fra\/wp-json\/wp\/v2\/pages"}],"about":[{"href":"https:\/\/www.comforttouch.it\/fra\/wp-json\/wp\/v2\/types\/page"}],"author":[{"embeddable":true,"href":"https:\/\/www.comforttouch.it\/fra\/wp-json\/wp\/v2\/users\/1"}],"replies":[{"embeddable":true,"href":"https:\/\/www.comforttouch.it\/fra\/wp-json\/wp\/v2\/comments?post=11167"}],"version-history":[{"count":8,"href":"https:\/\/www.comforttouch.it\/fra\/wp-json\/wp\/v2\/pages\/11167\/revisions"}],"predecessor-version":[{"id":11357,"href":"https:\/\/www.comforttouch.it\/fra\/wp-json\/wp\/v2\/pages\/11167\/revisions\/11357"}],"up":[{"embeddable":true,"href":"https:\/\/www.comforttouch.it\/fra\/wp-json\/wp\/v2\/pages\/11104"}],"wp:attachment":[{"href":"https:\/\/www.comforttouch.it\/fra\/wp-json\/wp\/v2\/media?parent=11167"}],"curies":[{"name":"wp","href":"https:\/\/api.w.org\/{rel}","templated":true}]}}