{"id":11169,"date":"2018-10-31T18:01:57","date_gmt":"2018-10-31T17:01:57","guid":{"rendered":"http:\/\/www.comforttouch.it\/it\/?page_id=11169"},"modified":"2019-05-22T12:44:37","modified_gmt":"2019-05-22T10:44:37","slug":"matelas-titanium-air","status":"publish","type":"page","link":"https:\/\/www.comforttouch.it\/fra\/matelas\/matelas-titanium-air\/","title":{"rendered":"Matelas-Titanium Air"},"content":{"rendered":"[vc_row][vc_column][vc_single_image image=&#8221;11159&#8243; img_size=&#8221;full&#8221; style=&#8221;vc_box_rounded&#8221; onclick=&#8221;link_image&#8221;][\/vc_column][\/vc_row][vc_row][vc_column][vc_column_text]\n<h2>Matelas avec ressorts<\/h2>\n<p style=\"text-align: justify;\">Titanium Air est un matelas fait avec un syst\u00e8me de suspension qui se compose d&#8217;une bo\u00eete de ressorts biconiques en acier phosphate 2,4 mm, avec structure p\u00e9rim\u00e8trale en mousse de polyur\u00e9thane et feutre thermo-fix\u00e9.<\/p>\n<p style=\"text-align: justify;\">Il est recouvert d&#8217;un tissu de coton avec un rembourrage en fibres hypoallerg\u00e9nique et il est dot\u00e9 de poign\u00e9es en tissu et d\u2019une bande p\u00e9rim\u00e8trale respirant complet de ruban.<\/p>\n<div class=\"one_half tt-column\">\n<h4>Carateristique<\/h4>\n<p><img loading=\"lazy\" class=\"alignnone size-medium wp-image-11143\" src=\"https:\/\/i0.wp.com\/www.comforttouch.it\/it\/wp-content\/uploads\/2018\/10\/caratteristiche-materassi-comforttouch_titanium-air-300x135.png?resize=300%2C135\" alt=\"\" width=\"300\" height=\"135\" srcset=\"https:\/\/i1.wp.com\/www.comforttouch.it\/fra\/wp-content\/uploads\/2018\/10\/caratteristiche-materassi-comforttouch_titanium-air.png?resize=300%2C135&amp;ssl=1 300w, https:\/\/i1.wp.com\/www.comforttouch.it\/fra\/wp-content\/uploads\/2018\/10\/caratteristiche-materassi-comforttouch_titanium-air.png?resize=768%2C345&amp;ssl=1 768w, https:\/\/i1.wp.com\/www.comforttouch.it\/fra\/wp-content\/uploads\/2018\/10\/caratteristiche-materassi-comforttouch_titanium-air.png?w=835&amp;ssl=1 835w\" sizes=\"(max-width: 300px) 100vw, 300px\" data-recalc-dims=\"1\" \/><\/p>\n<\/div>\n<div class=\"one_half_last tt-column\">\n<h4> <\/h4>\n<\/div><br class=\"clear\" \/>[\/vc_column_text][\/vc_column][\/vc_row][vc_row][vc_column][\/vc_column][\/vc_row]\n","protected":false},"excerpt":{"rendered":"<p>[vc_row][vc_column][vc_single_image image=&#8221;11159&#8243; img_size=&#8221;full&#8221; style=&#8221;vc_box_rounded&#8221; onclick=&#8221;link_image&#8221;][\/vc_column][\/vc_row][vc_row][vc_column][vc_column_text]<br \/>\nMatelas avec ressorts<br \/>\nTitanium Air est un matelas fait avec un syst\u00e8me de suspension qui se compose d&#8217;une bo\u00eete de ressorts biconiques en acier phosphate 2,4 mm, avec structure p\u00e9rim\u00e8trale en mousse de polyur\u00e9thane et feutre thermo-fix\u00e9.<br \/>\nIl est recouvert d&#8217;un tissu de coton avec un rembourrage en fibres hypoallerg\u00e9nique et il est dot\u00e9 de poign\u00e9es en tissu et d\u2019une bande p\u00e9rim\u00e8trale respirant complet de ruban.<br \/>\n[\/vc_column_text][\/vc_column][\/vc_row][vc_row][vc_column][\/vc_column][\/vc_row]<\/p>\n","protected":false},"author":1,"featured_media":0,"parent":11104,"menu_order":0,"comment_status":"closed","ping_status":"closed","template":"template_rightnav.php","meta":{"_bbp_topic_count":0,"_bbp_reply_count":0,"_bbp_total_topic_count":0,"_bbp_total_reply_count":0,"_bbp_voice_count":0,"_bbp_anonymous_reply_count":0,"_bbp_topic_count_hidden":0,"_bbp_reply_count_hidden":0,"_bbp_forum_subforum_count":0,"spay_email":""},"_links":{"self":[{"href":"https:\/\/www.comforttouch.it\/fra\/wp-json\/wp\/v2\/pages\/11169"}],"collection":[{"href":"https:\/\/www.comforttouch.it\/fra\/wp-json\/wp\/v2\/pages"}],"about":[{"href":"https:\/\/www.comforttouch.it\/fra\/wp-json\/wp\/v2\/types\/page"}],"author":[{"embeddable":true,"href":"https:\/\/www.comforttouch.it\/fra\/wp-json\/wp\/v2\/users\/1"}],"replies":[{"embeddable":true,"href":"https:\/\/www.comforttouch.it\/fra\/wp-json\/wp\/v2\/comments?post=11169"}],"version-history":[{"count":6,"href":"https:\/\/www.comforttouch.it\/fra\/wp-json\/wp\/v2\/pages\/11169\/revisions"}],"predecessor-version":[{"id":11358,"href":"https:\/\/www.comforttouch.it\/fra\/wp-json\/wp\/v2\/pages\/11169\/revisions\/11358"}],"up":[{"embeddable":true,"href":"https:\/\/www.comforttouch.it\/fra\/wp-json\/wp\/v2\/pages\/11104"}],"wp:attachment":[{"href":"https:\/\/www.comforttouch.it\/fra\/wp-json\/wp\/v2\/media?parent=11169"}],"curies":[{"name":"wp","href":"https:\/\/api.w.org\/{rel}","templated":true}]}}