{"id":11171,"date":"2018-10-31T18:02:32","date_gmt":"2018-10-31T17:02:32","guid":{"rendered":"http:\/\/www.comforttouch.it\/it\/?page_id=11171"},"modified":"2019-05-22T12:46:43","modified_gmt":"2019-05-22T10:46:43","slug":"matelas-air-foam-relax","status":"publish","type":"page","link":"https:\/\/www.comforttouch.it\/fra\/matelas\/matelas-air-foam-relax\/","title":{"rendered":"Matelas-Air Foam Relax"},"content":{"rendered":"[vc_row][vc_column][vc_single_image image=&#8221;11158&#8243; img_size=&#8221;full&#8221; style=&#8221;vc_box_rounded&#8221; onclick=&#8221;link_image&#8221;][\/vc_column][\/vc_row][vc_row][vc_column][vc_column_text]<p class=\"callout2\"><span>\n<h2>Matelas avec ressorts bonnel et mousse \u00e0 M\u00e9moire Aloe Vera<\/h2>\n<p style=\"text-align: justify;\">Ce produit n\u00e9 de la combinaison de la mousse \u00e0 m\u00e9moire ergonomique plac\u00e9 sur la surface, qui s&#8217;adapte parfaitement \u00e0 la forme du corps, et le syst\u00e8me \u00e0 bo\u00eete anti affaissement r\u00e9alis\u00e9 avec ressorts biconiques Bonnell de 2,4 mm en acier phosphat\u00e9, avec structure p\u00e9rim\u00e8trale en mousse de polyur\u00e9thane \u00e9tendu ind\u00e9formable capable d&#8217;assurer un soutien ad\u00e9quat \u00e0 chaque partie du corps. L\u2019Aloe Vera pr\u00e9sent dans la couche de 4 cm de mousse \u00e0 m\u00e9moire donne au \u00a0produit des propri\u00e9t\u00e9s hypoallerg\u00e9niques et antibact\u00e9rien, renforc\u00e9 par la parfaite a\u00e9ration assur\u00e9e par la bande lat\u00e9rale 3D de haute respirabilit\u00e9. Le rev\u00eatement est en tissu coton stretch avec traitement Actigard.<\/p>\n<\/span><\/p><br class=\"clear\" \/>\n<div class=\"one_half tt-column\">\n<h4>Caract\u00e9ristiques<\/h4>\n<p><img loading=\"lazy\" class=\"alignnone size-medium wp-image-11144\" src=\"https:\/\/i2.wp.com\/www.comforttouch.it\/it\/wp-content\/uploads\/2018\/10\/caratteristiche-materassi-comforttouch_air-form-relax-300x134.png?resize=300%2C134\" alt=\"\" width=\"300\" height=\"134\" srcset=\"https:\/\/i0.wp.com\/www.comforttouch.it\/fra\/wp-content\/uploads\/2018\/10\/caratteristiche-materassi-comforttouch_air-form-relax.png?resize=300%2C134&amp;ssl=1 300w, https:\/\/i0.wp.com\/www.comforttouch.it\/fra\/wp-content\/uploads\/2018\/10\/caratteristiche-materassi-comforttouch_air-form-relax.png?resize=768%2C344&amp;ssl=1 768w, https:\/\/i0.wp.com\/www.comforttouch.it\/fra\/wp-content\/uploads\/2018\/10\/caratteristiche-materassi-comforttouch_air-form-relax.png?w=837&amp;ssl=1 837w\" sizes=\"(max-width: 300px) 100vw, 300px\" data-recalc-dims=\"1\" \/><\/p>\n<\/div>\n<div class=\"one_half_last tt-column\">\n<h4> <\/h4>\n<\/div><br class=\"clear\" \/>[\/vc_column_text][\/vc_column][\/vc_row][vc_row][vc_column][\/vc_column][\/vc_row]\n","protected":false},"excerpt":{"rendered":"<p>[vc_row][vc_column][vc_single_image image=&#8221;11158&#8243; img_size=&#8221;full&#8221; style=&#8221;vc_box_rounded&#8221; onclick=&#8221;link_image&#8221;][\/vc_column][\/vc_row][vc_row][vc_column][vc_column_text]<br \/>\n[\/vc_column_text][\/vc_column][\/vc_row][vc_row][vc_column][\/vc_column][\/vc_row]<\/p>\n","protected":false},"author":1,"featured_media":0,"parent":11104,"menu_order":0,"comment_status":"closed","ping_status":"closed","template":"template_rightnav.php","meta":{"_bbp_topic_count":0,"_bbp_reply_count":0,"_bbp_total_topic_count":0,"_bbp_total_reply_count":0,"_bbp_voice_count":0,"_bbp_anonymous_reply_count":0,"_bbp_topic_count_hidden":0,"_bbp_reply_count_hidden":0,"_bbp_forum_subforum_count":0,"spay_email":""},"_links":{"self":[{"href":"https:\/\/www.comforttouch.it\/fra\/wp-json\/wp\/v2\/pages\/11171"}],"collection":[{"href":"https:\/\/www.comforttouch.it\/fra\/wp-json\/wp\/v2\/pages"}],"about":[{"href":"https:\/\/www.comforttouch.it\/fra\/wp-json\/wp\/v2\/types\/page"}],"author":[{"embeddable":true,"href":"https:\/\/www.comforttouch.it\/fra\/wp-json\/wp\/v2\/users\/1"}],"replies":[{"embeddable":true,"href":"https:\/\/www.comforttouch.it\/fra\/wp-json\/wp\/v2\/comments?post=11171"}],"version-history":[{"count":6,"href":"https:\/\/www.comforttouch.it\/fra\/wp-json\/wp\/v2\/pages\/11171\/revisions"}],"predecessor-version":[{"id":11359,"href":"https:\/\/www.comforttouch.it\/fra\/wp-json\/wp\/v2\/pages\/11171\/revisions\/11359"}],"up":[{"embeddable":true,"href":"https:\/\/www.comforttouch.it\/fra\/wp-json\/wp\/v2\/pages\/11104"}],"wp:attachment":[{"href":"https:\/\/www.comforttouch.it\/fra\/wp-json\/wp\/v2\/media?parent=11171"}],"curies":[{"name":"wp","href":"https:\/\/api.w.org\/{rel}","templated":true}]}}