{"id":11175,"date":"2018-10-31T18:03:32","date_gmt":"2018-10-31T17:03:32","guid":{"rendered":"http:\/\/www.comforttouch.it\/it\/?page_id=11175"},"modified":"2019-05-22T12:52:54","modified_gmt":"2019-05-22T10:52:54","slug":"matelas-gilda","status":"publish","type":"page","link":"https:\/\/www.comforttouch.it\/fra\/matelas\/matelas-gilda\/","title":{"rendered":"Matelas-Gilda"},"content":{"rendered":"[vc_row][vc_column][vc_single_image image=&#8221;11156&#8243; img_size=&#8221;full&#8221; style=&#8221;vc_box_rounded&#8221; onclick=&#8221;link_image&#8221;][\/vc_column][\/vc_row][vc_row][vc_column][vc_column_text]\n<h2>Matelas avec ressorts bonnel<\/h2>\n<p>Matelas orthop\u00e9dique avec syst\u00e8me en bo\u00eete compos\u00e9 par des ressorts biconiques Bonnell de 2,4 mm avec structure p\u00e9rim\u00e8trale en mousse de polyur\u00e9thane \u00e9tendu. Le produit est dot\u00e9 d\u2019une rembourrage hypoallerg\u00e9nique et rev\u00eatement en tissu coton avec a\u00e9rateurs pour la transpirabilit\u00e9 int\u00e9rieure.<\/p>\n<div class=\"one_half tt-column\">\n<h4>Caract\u00e9ristiques<\/h4>\n<p>&nbsp;<\/p>\n<p><img loading=\"lazy\" class=\"alignnone size-medium wp-image-11147\" src=\"https:\/\/i0.wp.com\/www.comforttouch.it\/it\/wp-content\/uploads\/2018\/10\/caratteristiche-materassi-comforttouch_gilda-300x171.png?resize=300%2C171\" alt=\"\" width=\"300\" height=\"171\" srcset=\"https:\/\/i1.wp.com\/www.comforttouch.it\/fra\/wp-content\/uploads\/2018\/10\/caratteristiche-materassi-comforttouch_gilda.png?resize=300%2C171&amp;ssl=1 300w, https:\/\/i1.wp.com\/www.comforttouch.it\/fra\/wp-content\/uploads\/2018\/10\/caratteristiche-materassi-comforttouch_gilda.png?w=656&amp;ssl=1 656w\" sizes=\"(max-width: 300px) 100vw, 300px\" data-recalc-dims=\"1\" \/><\/div>\n<div class=\"one_half_last tt-column\">\n<h4> <\/h4>\n<\/div><br class=\"clear\" \/>[\/vc_column_text][\/vc_column][\/vc_row][vc_row][vc_column][\/vc_column][\/vc_row]\n","protected":false},"excerpt":{"rendered":"<p>[vc_row][vc_column][vc_single_image image=&#8221;11156&#8243; img_size=&#8221;full&#8221; style=&#8221;vc_box_rounded&#8221; onclick=&#8221;link_image&#8221;][\/vc_column][\/vc_row][vc_row][vc_column][vc_column_text]<br \/>\nMatelas avec ressorts bonnel<br \/>\nMatelas orthop\u00e9dique avec syst\u00e8me en bo\u00eete compos\u00e9 par des ressorts biconiques Bonnell de 2,4 mm avec structure p\u00e9rim\u00e8trale en mousse de polyur\u00e9thane \u00e9tendu. Le produit est dot\u00e9 d\u2019une rembourrage hypoallerg\u00e9nique et rev\u00eatement en tissu coton avec a\u00e9rateurs pour la transpirabilit\u00e9 int\u00e9rieure.<br \/>\n[\/vc_column_text][\/vc_column][\/vc_row][vc_row][vc_column][\/vc_column][\/vc_row]<\/p>\n","protected":false},"author":1,"featured_media":0,"parent":11104,"menu_order":0,"comment_status":"closed","ping_status":"closed","template":"template_rightnav.php","meta":{"_bbp_topic_count":0,"_bbp_reply_count":0,"_bbp_total_topic_count":0,"_bbp_total_reply_count":0,"_bbp_voice_count":0,"_bbp_anonymous_reply_count":0,"_bbp_topic_count_hidden":0,"_bbp_reply_count_hidden":0,"_bbp_forum_subforum_count":0,"spay_email":""},"_links":{"self":[{"href":"https:\/\/www.comforttouch.it\/fra\/wp-json\/wp\/v2\/pages\/11175"}],"collection":[{"href":"https:\/\/www.comforttouch.it\/fra\/wp-json\/wp\/v2\/pages"}],"about":[{"href":"https:\/\/www.comforttouch.it\/fra\/wp-json\/wp\/v2\/types\/page"}],"author":[{"embeddable":true,"href":"https:\/\/www.comforttouch.it\/fra\/wp-json\/wp\/v2\/users\/1"}],"replies":[{"embeddable":true,"href":"https:\/\/www.comforttouch.it\/fra\/wp-json\/wp\/v2\/comments?post=11175"}],"version-history":[{"count":6,"href":"https:\/\/www.comforttouch.it\/fra\/wp-json\/wp\/v2\/pages\/11175\/revisions"}],"predecessor-version":[{"id":11362,"href":"https:\/\/www.comforttouch.it\/fra\/wp-json\/wp\/v2\/pages\/11175\/revisions\/11362"}],"up":[{"embeddable":true,"href":"https:\/\/www.comforttouch.it\/fra\/wp-json\/wp\/v2\/pages\/11104"}],"wp:attachment":[{"href":"https:\/\/www.comforttouch.it\/fra\/wp-json\/wp\/v2\/media?parent=11175"}],"curies":[{"name":"wp","href":"https:\/\/api.w.org\/{rel}","templated":true}]}}