{"id":11177,"date":"2018-10-31T18:04:18","date_gmt":"2018-10-31T17:04:18","guid":{"rendered":"http:\/\/www.comforttouch.it\/it\/?page_id=11177"},"modified":"2019-05-22T12:58:43","modified_gmt":"2019-05-22T10:58:43","slug":"matelas-diva-lattice","status":"publish","type":"page","link":"https:\/\/www.comforttouch.it\/fra\/matelas\/matelas-diva-lattice\/","title":{"rendered":"Matelas-Diva Lattice"},"content":{"rendered":"[vc_row][vc_column][vc_single_image image=&#8221;11154&#8243; img_size=&#8221;full&#8221; style=&#8221;vc_box_rounded&#8221; onclick=&#8221;link_image&#8221;][\/vc_column][\/vc_row][vc_row][vc_column][vc_column_text]<p class=\"callout2\"><span>\n<h2>Matelas en latex alv\u00e9olaire<\/h2>\n<p>Matelas con\u00e7u pour ceux qui aiment solutions plus confortable, gr\u00e2ce \u00e0 la structure interne constitu\u00e9e d&#8217;une plaque de latex alv\u00e9olaire \u00e0 7 zones diff\u00e9renti\u00e9es qui assure un soutien ad\u00e9quat aux diff\u00e9rentes parts du corps. Ce produit est tr\u00e8s respirant gr\u00e2ce \u00e0 des alv\u00e9oles d\u2019a\u00e9ration lat\u00e9rales pr\u00e9sents dans la structure et \u00e0 la bande lat\u00e9rale 3D du rev\u00eatement\u200b. Couvercle amovible sur les 4 c\u00f4t\u00e9s, tissu stretch avec traitement antibact\u00e9rien Actigard.<\/p>\n<\/span><\/p><br class=\"clear\" \/>\n<div class=\"one_half tt-column\">\n<h4>Caract\u00e9ristiques<\/h4>\n<p><img loading=\"lazy\" class=\"alignnone wp-image-11146 size-medium\" src=\"https:\/\/i1.wp.com\/www.comforttouch.it\/it\/wp-content\/uploads\/2018\/10\/caratteristiche-materassi-comforttouch_diva-lattice-300x136.png?resize=300%2C136\" alt=\"\" width=\"300\" height=\"136\" srcset=\"https:\/\/i0.wp.com\/www.comforttouch.it\/fra\/wp-content\/uploads\/2018\/10\/caratteristiche-materassi-comforttouch_diva-lattice.png?resize=300%2C136&amp;ssl=1 300w, https:\/\/i0.wp.com\/www.comforttouch.it\/fra\/wp-content\/uploads\/2018\/10\/caratteristiche-materassi-comforttouch_diva-lattice.png?resize=768%2C347&amp;ssl=1 768w, https:\/\/i0.wp.com\/www.comforttouch.it\/fra\/wp-content\/uploads\/2018\/10\/caratteristiche-materassi-comforttouch_diva-lattice.png?w=834&amp;ssl=1 834w\" sizes=\"(max-width: 300px) 100vw, 300px\" data-recalc-dims=\"1\" \/><\/p>\n<\/div>\n<div class=\"one_half_last tt-column\">\n<h4> <\/h4>\n<\/div><br class=\"clear\" \/>[\/vc_column_text][\/vc_column][\/vc_row][vc_row][vc_column][\/vc_column][\/vc_row]\n","protected":false},"excerpt":{"rendered":"<p>[vc_row][vc_column][vc_single_image image=&#8221;11154&#8243; img_size=&#8221;full&#8221; style=&#8221;vc_box_rounded&#8221; onclick=&#8221;link_image&#8221;][\/vc_column][\/vc_row][vc_row][vc_column][vc_column_text]<br \/>\n[\/vc_column_text][\/vc_column][\/vc_row][vc_row][vc_column][\/vc_column][\/vc_row]<\/p>\n","protected":false},"author":1,"featured_media":0,"parent":11104,"menu_order":0,"comment_status":"closed","ping_status":"closed","template":"template_rightnav.php","meta":{"_bbp_topic_count":0,"_bbp_reply_count":0,"_bbp_total_topic_count":0,"_bbp_total_reply_count":0,"_bbp_voice_count":0,"_bbp_anonymous_reply_count":0,"_bbp_topic_count_hidden":0,"_bbp_reply_count_hidden":0,"_bbp_forum_subforum_count":0,"spay_email":""},"_links":{"self":[{"href":"https:\/\/www.comforttouch.it\/fra\/wp-json\/wp\/v2\/pages\/11177"}],"collection":[{"href":"https:\/\/www.comforttouch.it\/fra\/wp-json\/wp\/v2\/pages"}],"about":[{"href":"https:\/\/www.comforttouch.it\/fra\/wp-json\/wp\/v2\/types\/page"}],"author":[{"embeddable":true,"href":"https:\/\/www.comforttouch.it\/fra\/wp-json\/wp\/v2\/users\/1"}],"replies":[{"embeddable":true,"href":"https:\/\/www.comforttouch.it\/fra\/wp-json\/wp\/v2\/comments?post=11177"}],"version-history":[{"count":7,"href":"https:\/\/www.comforttouch.it\/fra\/wp-json\/wp\/v2\/pages\/11177\/revisions"}],"predecessor-version":[{"id":11367,"href":"https:\/\/www.comforttouch.it\/fra\/wp-json\/wp\/v2\/pages\/11177\/revisions\/11367"}],"up":[{"embeddable":true,"href":"https:\/\/www.comforttouch.it\/fra\/wp-json\/wp\/v2\/pages\/11104"}],"wp:attachment":[{"href":"https:\/\/www.comforttouch.it\/fra\/wp-json\/wp\/v2\/media?parent=11177"}],"curies":[{"name":"wp","href":"https:\/\/api.w.org\/{rel}","templated":true}]}}