{"id":11183,"date":"2018-10-31T18:05:48","date_gmt":"2018-10-31T17:05:48","guid":{"rendered":"http:\/\/www.comforttouch.it\/it\/?page_id=11183"},"modified":"2019-05-22T13:04:09","modified_gmt":"2019-05-22T11:04:09","slug":"matelas-memory-foam-sfoderabile","status":"publish","type":"page","link":"https:\/\/www.comforttouch.it\/fra\/matelas\/matelas-memory-foam-sfoderabile\/","title":{"rendered":"Matelas-Memory Foam Sfoderabile"},"content":{"rendered":"[vc_row][vc_column][vc_single_image image=&#8221;11151&#8243; img_size=&#8221;full&#8221; style=&#8221;vc_box_rounded&#8221; onclick=&#8221;link_image&#8221;][\/vc_column][\/vc_row][vc_row][vc_column][vc_column_text]<p class=\"callout2\"><span>\n<h2>Matelas en Mousse \u00e0 M\u00e9moire Aloe Vera<\/h2>\n<p style=\"text-align: justify;\">Con\u00e7u pour accueillir le corps en suivant avec pr\u00e9cision sa forme, gr\u00e2ce \u00e0 la structure interne constitu\u00e9e d&#8217;une plaque de mousse de polyur\u00e9thane \u00e9tendu et une couche de mousse \u00e0 m\u00e9moire en Aloe Vera (haute 4 cm). Parfaitement respirant gr\u00e2ce \u00e0 la couverture amovible sur les 4 c\u00f4t\u00e9s avec une fermeture \u00e9clair et le rev\u00eatement en coton stretch avec traitement antibact\u00e9rien et en Aloe Vera.<\/p>\n<\/span><\/p><br class=\"clear\" \/>\n<div class=\"one_half tt-column\">\n<h4>Caract\u00e9ristiques<\/h4>\n<p><img loading=\"lazy\" class=\"alignnone wp-image-11140 size-medium\" src=\"https:\/\/i1.wp.com\/www.comforttouch.it\/it\/wp-content\/uploads\/2018\/10\/caratteristiche-materassi-comforttouch_memory-foam-sfoderabile-300x135.png?resize=300%2C135\" alt=\"\" width=\"300\" height=\"135\" srcset=\"https:\/\/i2.wp.com\/www.comforttouch.it\/fra\/wp-content\/uploads\/2018\/10\/caratteristiche-materassi-comforttouch_memory-foam-sfoderabile.png?resize=300%2C135&amp;ssl=1 300w, https:\/\/i2.wp.com\/www.comforttouch.it\/fra\/wp-content\/uploads\/2018\/10\/caratteristiche-materassi-comforttouch_memory-foam-sfoderabile.png?resize=768%2C345&amp;ssl=1 768w, https:\/\/i2.wp.com\/www.comforttouch.it\/fra\/wp-content\/uploads\/2018\/10\/caratteristiche-materassi-comforttouch_memory-foam-sfoderabile.png?w=831&amp;ssl=1 831w\" sizes=\"(max-width: 300px) 100vw, 300px\" data-recalc-dims=\"1\" \/><\/p>\n<\/div>\n<div class=\"one_half_last tt-column\">\n<h4> <\/h4>\n<\/div><br class=\"clear\" \/>[\/vc_column_text][\/vc_column][\/vc_row][vc_row][vc_column][\/vc_column][\/vc_row]\n","protected":false},"excerpt":{"rendered":"<p>[vc_row][vc_column][vc_single_image image=&#8221;11151&#8243; img_size=&#8221;full&#8221; style=&#8221;vc_box_rounded&#8221; onclick=&#8221;link_image&#8221;][\/vc_column][\/vc_row][vc_row][vc_column][vc_column_text]<br \/>\n[\/vc_column_text][\/vc_column][\/vc_row][vc_row][vc_column][\/vc_column][\/vc_row]<\/p>\n","protected":false},"author":1,"featured_media":0,"parent":11104,"menu_order":0,"comment_status":"closed","ping_status":"closed","template":"template_rightnav.php","meta":{"_bbp_topic_count":0,"_bbp_reply_count":0,"_bbp_total_topic_count":0,"_bbp_total_reply_count":0,"_bbp_voice_count":0,"_bbp_anonymous_reply_count":0,"_bbp_topic_count_hidden":0,"_bbp_reply_count_hidden":0,"_bbp_forum_subforum_count":0,"spay_email":""},"_links":{"self":[{"href":"https:\/\/www.comforttouch.it\/fra\/wp-json\/wp\/v2\/pages\/11183"}],"collection":[{"href":"https:\/\/www.comforttouch.it\/fra\/wp-json\/wp\/v2\/pages"}],"about":[{"href":"https:\/\/www.comforttouch.it\/fra\/wp-json\/wp\/v2\/types\/page"}],"author":[{"embeddable":true,"href":"https:\/\/www.comforttouch.it\/fra\/wp-json\/wp\/v2\/users\/1"}],"replies":[{"embeddable":true,"href":"https:\/\/www.comforttouch.it\/fra\/wp-json\/wp\/v2\/comments?post=11183"}],"version-history":[{"count":5,"href":"https:\/\/www.comforttouch.it\/fra\/wp-json\/wp\/v2\/pages\/11183\/revisions"}],"predecessor-version":[{"id":11371,"href":"https:\/\/www.comforttouch.it\/fra\/wp-json\/wp\/v2\/pages\/11183\/revisions\/11371"}],"up":[{"embeddable":true,"href":"https:\/\/www.comforttouch.it\/fra\/wp-json\/wp\/v2\/pages\/11104"}],"wp:attachment":[{"href":"https:\/\/www.comforttouch.it\/fra\/wp-json\/wp\/v2\/media?parent=11183"}],"curies":[{"name":"wp","href":"https:\/\/api.w.org\/{rel}","templated":true}]}}