{"id":11185,"date":"2018-10-31T18:06:17","date_gmt":"2018-10-31T17:06:17","guid":{"rendered":"http:\/\/www.comforttouch.it\/it\/?page_id=11185"},"modified":"2019-05-22T13:05:39","modified_gmt":"2019-05-22T11:05:39","slug":"matelas-winny","status":"publish","type":"page","link":"https:\/\/www.comforttouch.it\/fra\/matelas\/matelas-winny\/","title":{"rendered":"Matelas-Winny"},"content":{"rendered":"[vc_row][vc_column][vc_single_image image=&#8221;11150&#8243; img_size=&#8221;full&#8221; style=&#8221;vc_box_rounded&#8221; onclick=&#8221;link_image&#8221;][\/vc_column][\/vc_row][vc_row][vc_column][vc_column_text]<p class=\"callout2\"><span>\n<h2>Matelas vide et enroul\u00e9<\/h2>\n<p style=\"text-align: justify;\">Matelas vide et enroul\u00e9 facilement transportable, avec une structure en mousse de polyur\u00e9thane haute densit\u00e9. La composition \u00e0 cellules ouvertes \u00e0 base d&#8217;eau permet au produit de reprendre rapidement sa forme initiale une fois d\u00e9roul\u00e9. Le rev\u00eatement en tissu coton avec traitement Actigard et le rembourrage hypoallerg\u00e9nique donnent au matelas une haute respirabilit\u00e9.<\/p>\n<\/span><\/p><br class=\"clear\" \/>\n<div class=\"one_half tt-column\">\n<h4>Caract\u00e9ristiques<\/h4>\n<p><img loading=\"lazy\" class=\"alignnone wp-image-11148 size-medium\" src=\"https:\/\/i2.wp.com\/www.comforttouch.it\/it\/wp-content\/uploads\/2018\/10\/caratteristiche-materassi-comforttouch_winny-300x111.png?resize=300%2C111\" alt=\"\" width=\"300\" height=\"111\" srcset=\"https:\/\/i2.wp.com\/www.comforttouch.it\/fra\/wp-content\/uploads\/2018\/10\/caratteristiche-materassi-comforttouch_winny.png?resize=300%2C111&amp;ssl=1 300w, https:\/\/i2.wp.com\/www.comforttouch.it\/fra\/wp-content\/uploads\/2018\/10\/caratteristiche-materassi-comforttouch_winny.png?w=507&amp;ssl=1 507w\" sizes=\"(max-width: 300px) 100vw, 300px\" data-recalc-dims=\"1\" \/><\/p>\n<\/div>\n<div class=\"one_half_last tt-column\">\n<h4> <\/h4>\n<\/div><br class=\"clear\" \/>[\/vc_column_text][\/vc_column][\/vc_row][vc_row][vc_column][\/vc_column][\/vc_row]\n","protected":false},"excerpt":{"rendered":"<p>[vc_row][vc_column][vc_single_image image=&#8221;11150&#8243; img_size=&#8221;full&#8221; style=&#8221;vc_box_rounded&#8221; onclick=&#8221;link_image&#8221;][\/vc_column][\/vc_row][vc_row][vc_column][vc_column_text]<br \/>\n[\/vc_column_text][\/vc_column][\/vc_row][vc_row][vc_column][\/vc_column][\/vc_row]<\/p>\n","protected":false},"author":1,"featured_media":0,"parent":11104,"menu_order":0,"comment_status":"closed","ping_status":"closed","template":"template_rightnav.php","meta":{"_bbp_topic_count":0,"_bbp_reply_count":0,"_bbp_total_topic_count":0,"_bbp_total_reply_count":0,"_bbp_voice_count":0,"_bbp_anonymous_reply_count":0,"_bbp_topic_count_hidden":0,"_bbp_reply_count_hidden":0,"_bbp_forum_subforum_count":0,"spay_email":""},"_links":{"self":[{"href":"https:\/\/www.comforttouch.it\/fra\/wp-json\/wp\/v2\/pages\/11185"}],"collection":[{"href":"https:\/\/www.comforttouch.it\/fra\/wp-json\/wp\/v2\/pages"}],"about":[{"href":"https:\/\/www.comforttouch.it\/fra\/wp-json\/wp\/v2\/types\/page"}],"author":[{"embeddable":true,"href":"https:\/\/www.comforttouch.it\/fra\/wp-json\/wp\/v2\/users\/1"}],"replies":[{"embeddable":true,"href":"https:\/\/www.comforttouch.it\/fra\/wp-json\/wp\/v2\/comments?post=11185"}],"version-history":[{"count":4,"href":"https:\/\/www.comforttouch.it\/fra\/wp-json\/wp\/v2\/pages\/11185\/revisions"}],"predecessor-version":[{"id":11372,"href":"https:\/\/www.comforttouch.it\/fra\/wp-json\/wp\/v2\/pages\/11185\/revisions\/11372"}],"up":[{"embeddable":true,"href":"https:\/\/www.comforttouch.it\/fra\/wp-json\/wp\/v2\/pages\/11104"}],"wp:attachment":[{"href":"https:\/\/www.comforttouch.it\/fra\/wp-json\/wp\/v2\/media?parent=11185"}],"curies":[{"name":"wp","href":"https:\/\/api.w.org\/{rel}","templated":true}]}}