{"id":11206,"date":"2018-10-31T18:15:21","date_gmt":"2018-10-31T17:15:21","guid":{"rendered":"http:\/\/www.comforttouch.it\/it\/?page_id=11206"},"modified":"2019-05-22T13:57:59","modified_gmt":"2019-05-22T11:57:59","slug":"contatti","status":"publish","type":"page","link":"https:\/\/www.comforttouch.it\/fra\/contatti\/","title":{"rendered":"Contactez-nous"},"content":{"rendered":"<h5 class=\"heading-horizontal\" style=\"margin:30px 0 30px 0;\"><span>Contact Form<\/span><\/h5>[vc_row][vc_column][vc_column_text]<p class=\"callout2\"><span>Remplissez le formulaire ci-dessous dans tous ses champs pour \u00eatre contact\u00e9 d\u00e8s que possible.<\/span><\/p><br class=\"clear\" \/>\n<div class=\"two_thirds tt-column\">\n<div id='contact-form-11206'>\n<form action='https:\/\/www.comforttouch.it\/fra\/contatti\/#contact-form-11206' method='post' class='contact-form commentsblock'>\n<script>\n\t\t\t( function () {\n\t\t\t\tconst contact_forms = document.getElementsByClassName('contact-form');\n\n\t\t\t\tfor ( const form of contact_forms ) {\n\t\t\t\t\tform.onsubmit = function() {\n\t\t\t\t\t\tconst buttons = form.getElementsByTagName('button');\n\n\t\t\t\t\t\tfor( const button of buttons ) {\n\t\t\t\t\t\t\tbutton.setAttribute('disabled', true);\n\t\t\t\t\t\t}\n\t\t\t\t\t}\n\t\t\t\t}\n\t\t\t} )();\n\t\t<\/script>\n\n<div class='grunion-field-wrap grunion-field-name-wrap'  >\n<label\n\t\t\t\tfor='g11206-nom'\n\t\t\t\tclass='grunion-field-label name'\n\t\t\t\t>Nom<span>(obbligatorio)<\/span><\/label>\n<input\n\t\t\t\t\ttype='text'\n\t\t\t\t\tname='g11206-nom'\n\t\t\t\t\tid='g11206-nom'\n\t\t\t\t\tvalue=''\n\t\t\t\t\tclass='name' \n\t\t\t\t\trequired aria-required='true'\n\t\t\t\t\/>\n\t<\/div>\n\n\n<div class='grunion-field-wrap grunion-field-email-wrap'  >\n<label\n\t\t\t\tfor='g11206-email'\n\t\t\t\tclass='grunion-field-label email'\n\t\t\t\t>Email<span>(obbligatorio)<\/span><\/label>\n<input\n\t\t\t\t\ttype='email'\n\t\t\t\t\tname='g11206-email'\n\t\t\t\t\tid='g11206-email'\n\t\t\t\t\tvalue=''\n\t\t\t\t\tclass='email' \n\t\t\t\t\trequired aria-required='true'\n\t\t\t\t\/>\n\t<\/div>\n\n\n<div class='grunion-field-wrap grunion-field-url-wrap'  >\n<label\n\t\t\t\tfor='g11206-siteweb'\n\t\t\t\tclass='grunion-field-label url'\n\t\t\t\t>Site Web<\/label>\n<input\n\t\t\t\t\ttype='url'\n\t\t\t\t\tname='g11206-siteweb'\n\t\t\t\t\tid='g11206-siteweb'\n\t\t\t\t\tvalue=''\n\t\t\t\t\tclass='url' \n\t\t\t\t\t\n\t\t\t\t\/>\n\t<\/div>\n\n\n<div class='grunion-field-wrap grunion-field-textarea-wrap'  >\n<label\n\t\t\t\tfor='contact-form-comment-g11206-message'\n\t\t\t\tclass='grunion-field-label textarea'\n\t\t\t\t>Message<span>(obbligatorio)<\/span><\/label>\n<textarea\n\t\t                name='g11206-message'\n\t\t                id='contact-form-comment-g11206-message'\n\t\t                rows='20' class='textarea'  required aria-required='true'><\/textarea>\n\t<\/div>\n\n\t<p class='contact-submit'>\n\t\t<button type='submit' class='pushbutton-wide'>Invia<\/button>\t\t<input type='hidden' name='contact-form-id' value='11206' \/>\n\t\t<input type='hidden' name='action' value='grunion-contact-form' \/>\n\t\t<input type='hidden' name='contact-form-hash' value='ef9f231e956c6b603308a0076cb1c30f4f385bdc' \/>\n\t<\/p>\n<p style=\"display: none !important;\"><label>&#916;<textarea name=\"ak_hp_textarea\" cols=\"45\" rows=\"8\" maxlength=\"100\"><\/textarea><\/label><input type=\"hidden\" id=\"ak_js\" name=\"ak_js\" value=\"94\"\/><script>document.getElementById( \"ak_js\" ).setAttribute( \"value\", ( new Date() ).getTime() );<\/script><\/p><\/form>\n<\/div><\/div><div class=\"one_third_last tt-column\">[\/vc_column_text][\/vc_column][\/vc_row][vc_row][vc_column][vc_column_text]\n<h3>Contactez-nous:<\/h3>\n[\/vc_column_text][\/vc_column][\/vc_row]<ul class=\"true-business-contact tt_animate_none\"><li><a href=\"tel:\/\/+39 089227694\" class=\"true-biz-phone\">+39 089227694<\/a><\/li><li><a href=\"tel:\/\/+39 089227694\" class=\"true-biz-fax\">+39 089227694<\/a><\/li><li><a href=\"mailto:italiandreamsrl@gmail.com\" class=\"true-biz-email\">italiandreamsrl@gmail.com<\/a><\/li><\/ul>[vc_row][vc_column][vc_column_text]<\/div><br class=\"clear\" \/>[\/vc_column_text][\/vc_column][\/vc_row]\n","protected":false},"excerpt":{"rendered":"<p>[vc_row][vc_column][vc_column_text]<br \/>\n[\/vc_column_text][\/vc_column][\/vc_row]<\/p>\n","protected":false},"author":1,"featured_media":0,"parent":0,"menu_order":0,"comment_status":"closed","ping_status":"closed","template":"template_contact_googlemap.php","meta":{"_bbp_topic_count":0,"_bbp_reply_count":0,"_bbp_total_topic_count":0,"_bbp_total_reply_count":0,"_bbp_voice_count":0,"_bbp_anonymous_reply_count":0,"_bbp_topic_count_hidden":0,"_bbp_reply_count_hidden":0,"_bbp_forum_subforum_count":0,"spay_email":""},"_links":{"self":[{"href":"https:\/\/www.comforttouch.it\/fra\/wp-json\/wp\/v2\/pages\/11206"}],"collection":[{"href":"https:\/\/www.comforttouch.it\/fra\/wp-json\/wp\/v2\/pages"}],"about":[{"href":"https:\/\/www.comforttouch.it\/fra\/wp-json\/wp\/v2\/types\/page"}],"author":[{"embeddable":true,"href":"https:\/\/www.comforttouch.it\/fra\/wp-json\/wp\/v2\/users\/1"}],"replies":[{"embeddable":true,"href":"https:\/\/www.comforttouch.it\/fra\/wp-json\/wp\/v2\/comments?post=11206"}],"version-history":[{"count":14,"href":"https:\/\/www.comforttouch.it\/fra\/wp-json\/wp\/v2\/pages\/11206\/revisions"}],"predecessor-version":[{"id":11391,"href":"https:\/\/www.comforttouch.it\/fra\/wp-json\/wp\/v2\/pages\/11206\/revisions\/11391"}],"wp:attachment":[{"href":"https:\/\/www.comforttouch.it\/fra\/wp-json\/wp\/v2\/media?parent=11206"}],"curies":[{"name":"wp","href":"https:\/\/api.w.org\/{rel}","templated":true}]}}