{"id":11306,"date":"2018-11-13T16:48:45","date_gmt":"2018-11-13T15:48:45","guid":{"rendered":"http:\/\/www.comforttouch.it\/it\/?page_id=11306"},"modified":"2019-05-22T13:15:44","modified_gmt":"2019-05-22T11:15:44","slug":"matelas-bellaflex","status":"publish","type":"page","link":"https:\/\/www.comforttouch.it\/fra\/matelas\/matelas-bellaflex\/","title":{"rendered":"Matelas-Bellaflex"},"content":{"rendered":"[vc_row][vc_column][vc_single_image image=&#8221;11377&#8243; img_size=&#8221;full&#8221; style=&#8221;vc_box_rounded&#8221; onclick=&#8221;link_image&#8221;][\/vc_column][\/vc_row][vc_row][vc_column][vc_column_text]\n<p style=\"text-align: justify;\"><p class=\"callout2\"><span>\n<h2>Matelas en Mousse \u00e0 M\u00e9moire<\/h2>\n<p style=\"text-align: justify;\">Matelas en polyur\u00e9thane et mousse \u00e0 m\u00e9moire de haute densit\u00e9. La structure interne en polyur\u00e9thane \u00e9tendu ind\u00e9formable assure le soutien n\u00e9cessaire \u00e0 tous les types de postures et poids, tandis que la mousse \u00e0 m\u00e9moire pr\u00e9sent dans le rembourrage donne au produit une capacit\u00e9 \u00e9lev\u00e9e de s&#8217;adapter \u00e0 la forme du corps, qui est envelopp\u00e9es dans une agr\u00e9able sensation de confort. Le rev\u00eatement en tissu stretch et la band lat\u00e9rale 3D permettent l&#8217;a\u00e9ration constant des mat\u00e9riaux, assurant l&#8217;hygi\u00e8ne du produit.<\/p>\n<h2 style=\"text-align: justify;\"><span style=\"font-size: 16px;\"><\/span><\/p><br class=\"clear\" \/><\/span><\/h2>\n<div class=\"one_half tt-column\">\n<h4>Caract\u00e9ristiques<\/h4>\n<\/div>\n<div class=\"one_half_last tt-column\">\n<h4> <\/h4>\n<\/div><br class=\"clear\" \/>[\/vc_column_text][\/vc_column][\/vc_row][vc_row][vc_column][vc_gallery type=&#8221;image_grid&#8221; images=&#8221;11341,11337&#8243;][\/vc_column][\/vc_row]\n","protected":false},"excerpt":{"rendered":"<p>[vc_row][vc_column][vc_single_image image=&#8221;11377&#8243; img_size=&#8221;full&#8221; style=&#8221;vc_box_rounded&#8221; onclick=&#8221;link_image&#8221;][\/vc_column][\/vc_row][vc_row][vc_column][vc_column_text]<\/p>\n<p>[\/vc_column_text][\/vc_column][\/vc_row][vc_row][vc_column][vc_gallery type=&#8221;image_grid&#8221; images=&#8221;11341,11337&#8243;][\/vc_column][\/vc_row]<\/p>\n","protected":false},"author":1,"featured_media":0,"parent":11104,"menu_order":0,"comment_status":"closed","ping_status":"closed","template":"template_rightnav.php","meta":{"_bbp_topic_count":0,"_bbp_reply_count":0,"_bbp_total_topic_count":0,"_bbp_total_reply_count":0,"_bbp_voice_count":0,"_bbp_anonymous_reply_count":0,"_bbp_topic_count_hidden":0,"_bbp_reply_count_hidden":0,"_bbp_forum_subforum_count":0,"spay_email":""},"_links":{"self":[{"href":"https:\/\/www.comforttouch.it\/fra\/wp-json\/wp\/v2\/pages\/11306"}],"collection":[{"href":"https:\/\/www.comforttouch.it\/fra\/wp-json\/wp\/v2\/pages"}],"about":[{"href":"https:\/\/www.comforttouch.it\/fra\/wp-json\/wp\/v2\/types\/page"}],"author":[{"embeddable":true,"href":"https:\/\/www.comforttouch.it\/fra\/wp-json\/wp\/v2\/users\/1"}],"replies":[{"embeddable":true,"href":"https:\/\/www.comforttouch.it\/fra\/wp-json\/wp\/v2\/comments?post=11306"}],"version-history":[{"count":8,"href":"https:\/\/www.comforttouch.it\/fra\/wp-json\/wp\/v2\/pages\/11306\/revisions"}],"predecessor-version":[{"id":11378,"href":"https:\/\/www.comforttouch.it\/fra\/wp-json\/wp\/v2\/pages\/11306\/revisions\/11378"}],"up":[{"embeddable":true,"href":"https:\/\/www.comforttouch.it\/fra\/wp-json\/wp\/v2\/pages\/11104"}],"wp:attachment":[{"href":"https:\/\/www.comforttouch.it\/fra\/wp-json\/wp\/v2\/media?parent=11306"}],"curies":[{"name":"wp","href":"https:\/\/api.w.org\/{rel}","templated":true}]}}