{"id":11315,"date":"2018-11-13T17:47:14","date_gmt":"2018-11-13T16:47:14","guid":{"rendered":"http:\/\/www.comforttouch.it\/it\/?page_id=11315"},"modified":"2019-05-22T13:12:43","modified_gmt":"2019-05-22T11:12:43","slug":"matelas-nuova-dormire","status":"publish","type":"page","link":"https:\/\/www.comforttouch.it\/fra\/matelas\/matelas-nuova-dormire\/","title":{"rendered":"Matelas-Nuova Dormire"},"content":{"rendered":"[vc_row][vc_column][vc_single_image image=&#8221;11375&#8243; img_size=&#8221;full&#8221; style=&#8221;vc_box_rounded&#8221; onclick=&#8221;link_image&#8221;][\/vc_column][\/vc_row][vc_row][vc_column][vc_column_text]\n<p style=\"text-align: justify;\"><p class=\"callout2\"><span>\n<h2>Matelas en Mousse \u00e0 M\u00e9moire<\/h2>\n<p style=\"text-align: justify;\">Matelas con\u00e7u pour ceux qui pr\u00e9f\u00e8rent le maximum confort, gr\u00e2ce \u00e0 la parfait combinaison de deux nouvelles technologies: d&#8217;une plaque en polyur\u00e9thane et de la mousse \u00e0 M\u00e9moire. La plaque de polyur\u00e9thane \u00e9tendu D35kg\/m3 assure le correct support m\u00eame pour les poids plus importants, garantissant une \u00e9lev\u00e9e capacit\u00e9 d&#8217;accueil. Le support d\u00e9velopp\u00e9 par le polyur\u00e9thane \u00e9tendu est accentu\u00e9 encore plus par le soutien de la couche de 4 cm de mousse \u00e0 M\u00e9moire, \u00e0 laquelle s&#8217;ajoutent encore 2 cm de mousse \u00e0 m\u00e9moire pr\u00e9sentent dans le rembourrage, capable de s&#8217;adapter parfaitement aux diff\u00e9rentes formes du corps et aux mouvements pendant le sommeil. Le rev\u00eatement est en tissu stretch et a une bande lat\u00e9rale 3D pour une plus grande respirabilit\u00e9 du produit.<\/p>\n<p style=\"text-align: justify;\"><\/span><\/p><br class=\"clear\" \/>\n<div class=\"one_half tt-column\">\n<h4>Caract\u00e9ristiques<\/h4>\n<\/div>\n<div class=\"one_half_last tt-column\">\n<h4> <\/h4>\n<\/div><br class=\"clear\" \/>[\/vc_column_text][\/vc_column][\/vc_row][vc_row][vc_column][vc_gallery type=&#8221;image_grid&#8221; images=&#8221;11338,11332&#8243;][\/vc_column][\/vc_row]\n","protected":false},"excerpt":{"rendered":"<p>[vc_row][vc_column][vc_single_image image=&#8221;11375&#8243; img_size=&#8221;full&#8221; style=&#8221;vc_box_rounded&#8221; onclick=&#8221;link_image&#8221;][\/vc_column][\/vc_row][vc_row][vc_column][vc_column_text]<\/p>\n<p>[\/vc_column_text][\/vc_column][\/vc_row][vc_row][vc_column][vc_gallery type=&#8221;image_grid&#8221; images=&#8221;11338,11332&#8243;][\/vc_column][\/vc_row]<\/p>\n","protected":false},"author":1,"featured_media":0,"parent":11104,"menu_order":0,"comment_status":"closed","ping_status":"closed","template":"template_rightnav.php","meta":{"_bbp_topic_count":0,"_bbp_reply_count":0,"_bbp_total_topic_count":0,"_bbp_total_reply_count":0,"_bbp_voice_count":0,"_bbp_anonymous_reply_count":0,"_bbp_topic_count_hidden":0,"_bbp_reply_count_hidden":0,"_bbp_forum_subforum_count":0,"spay_email":""},"_links":{"self":[{"href":"https:\/\/www.comforttouch.it\/fra\/wp-json\/wp\/v2\/pages\/11315"}],"collection":[{"href":"https:\/\/www.comforttouch.it\/fra\/wp-json\/wp\/v2\/pages"}],"about":[{"href":"https:\/\/www.comforttouch.it\/fra\/wp-json\/wp\/v2\/types\/page"}],"author":[{"embeddable":true,"href":"https:\/\/www.comforttouch.it\/fra\/wp-json\/wp\/v2\/users\/1"}],"replies":[{"embeddable":true,"href":"https:\/\/www.comforttouch.it\/fra\/wp-json\/wp\/v2\/comments?post=11315"}],"version-history":[{"count":7,"href":"https:\/\/www.comforttouch.it\/fra\/wp-json\/wp\/v2\/pages\/11315\/revisions"}],"predecessor-version":[{"id":11376,"href":"https:\/\/www.comforttouch.it\/fra\/wp-json\/wp\/v2\/pages\/11315\/revisions\/11376"}],"up":[{"embeddable":true,"href":"https:\/\/www.comforttouch.it\/fra\/wp-json\/wp\/v2\/pages\/11104"}],"wp:attachment":[{"href":"https:\/\/www.comforttouch.it\/fra\/wp-json\/wp\/v2\/media?parent=11315"}],"curies":[{"name":"wp","href":"https:\/\/api.w.org\/{rel}","templated":true}]}}