{"id":11321,"date":"2018-11-13T18:14:13","date_gmt":"2018-11-13T17:14:13","guid":{"rendered":"http:\/\/www.comforttouch.it\/it\/?page_id=11321"},"modified":"2019-05-22T13:09:03","modified_gmt":"2019-05-22T11:09:03","slug":"matelas-tempo-di-dormire","status":"publish","type":"page","link":"https:\/\/www.comforttouch.it\/fra\/matelas\/matelas-tempo-di-dormire\/","title":{"rendered":"Matelas-Tempo di Dormire"},"content":{"rendered":"[vc_row][vc_column][vc_single_image image=&#8221;11373&#8243; img_size=&#8221;full&#8221; style=&#8221;vc_box_rounded&#8221; onclick=&#8221;link_image&#8221;][\/vc_column][\/vc_row][vc_row][vc_column][vc_column_text]\n<p style=\"text-align: justify;\"><p class=\"callout2\"><span>\n<h2>Matelas en Mousse \u00e0 M\u00e9moire<\/h2>\n<p style=\"text-align: justify;\">C&#8217;est un matelas d&#8217;un confort extraordinaire avec un support anatomique \u00e0 2 couches de diff\u00e9rente \u00e9lasticit\u00e9. Le couche sup\u00e9rieure en mousse \u00e0 m\u00e9moire haute 6 cm, avec traitement \u00e0 l\u2019Aloe Vera, pour un accueil homog\u00e8ne et confortable qui se mod\u00e8le parfaitement au corps, et le couche inf\u00e9rieure en polyur\u00e9thane \u00e9tendu ind\u00e9formable, \u00e9lastique et r\u00e9sistante. La particuli\u00e8re structure \u00e0 cellules ouvertes unie aux propri\u00e9t\u00e9s antibact\u00e9riennes de l\u2019Aloe Vera assure une parfaite respirabilit\u00e9, ainsi exalt\u00e9e par la bande 3D Air System, sp\u00e9cialement con\u00e7ue pour permettre le remplacement r\u00e9gulier de l&#8217;air \u00e0 l&#8217;int\u00e9rieur de la structure du matelas. L\u2019a\u00e9ration du produit est exalt\u00e9e aussi par le rev\u00eatement en tissu stretch qui est compl\u00e8tement d\u00e9houssable.<\/p>\n<p style=\"text-align: justify;\"><\/span><\/p><br class=\"clear\" \/>\n<div class=\"one_half tt-column\">\n<h4>Caract\u00e9ristiques<\/h4>\n<\/div>\n<div class=\"one_half_last tt-column\">\n<h4> <\/h4>\n<\/div><br class=\"clear\" \/>[\/vc_column_text][\/vc_column][\/vc_row][vc_row][vc_column][vc_gallery type=&#8221;image_grid&#8221; images=&#8221;11326,11325&#8243;][\/vc_column][\/vc_row]\n","protected":false},"excerpt":{"rendered":"<p>[vc_row][vc_column][vc_single_image image=&#8221;11373&#8243; img_size=&#8221;full&#8221; style=&#8221;vc_box_rounded&#8221; onclick=&#8221;link_image&#8221;][\/vc_column][\/vc_row][vc_row][vc_column][vc_column_text]<\/p>\n<p>[\/vc_column_text][\/vc_column][\/vc_row][vc_row][vc_column][vc_gallery type=&#8221;image_grid&#8221; images=&#8221;11326,11325&#8243;][\/vc_column][\/vc_row]<\/p>\n","protected":false},"author":1,"featured_media":0,"parent":11104,"menu_order":0,"comment_status":"closed","ping_status":"closed","template":"template_rightnav.php","meta":{"_bbp_topic_count":0,"_bbp_reply_count":0,"_bbp_total_topic_count":0,"_bbp_total_reply_count":0,"_bbp_voice_count":0,"_bbp_anonymous_reply_count":0,"_bbp_topic_count_hidden":0,"_bbp_reply_count_hidden":0,"_bbp_forum_subforum_count":0,"spay_email":""},"_links":{"self":[{"href":"https:\/\/www.comforttouch.it\/fra\/wp-json\/wp\/v2\/pages\/11321"}],"collection":[{"href":"https:\/\/www.comforttouch.it\/fra\/wp-json\/wp\/v2\/pages"}],"about":[{"href":"https:\/\/www.comforttouch.it\/fra\/wp-json\/wp\/v2\/types\/page"}],"author":[{"embeddable":true,"href":"https:\/\/www.comforttouch.it\/fra\/wp-json\/wp\/v2\/users\/1"}],"replies":[{"embeddable":true,"href":"https:\/\/www.comforttouch.it\/fra\/wp-json\/wp\/v2\/comments?post=11321"}],"version-history":[{"count":5,"href":"https:\/\/www.comforttouch.it\/fra\/wp-json\/wp\/v2\/pages\/11321\/revisions"}],"predecessor-version":[{"id":11374,"href":"https:\/\/www.comforttouch.it\/fra\/wp-json\/wp\/v2\/pages\/11321\/revisions\/11374"}],"up":[{"embeddable":true,"href":"https:\/\/www.comforttouch.it\/fra\/wp-json\/wp\/v2\/pages\/11104"}],"wp:attachment":[{"href":"https:\/\/www.comforttouch.it\/fra\/wp-json\/wp\/v2\/media?parent=11321"}],"curies":[{"name":"wp","href":"https:\/\/api.w.org\/{rel}","templated":true}]}}